{"id":47,"date":"2021-10-15T02:08:53","date_gmt":"2021-10-15T00:08:53","guid":{"rendered":"https:\/\/ra-knepp.de\/ro\/?page_id=47"},"modified":"2021-10-15T02:13:31","modified_gmt":"2021-10-15T00:13:31","slug":"contact","status":"publish","type":"page","link":"https:\/\/ra-knepp.de\/ro\/contact\/","title":{"rendered":"Contact"},"content":{"rendered":"\t\t<div data-elementor-type=\"wp-page\" data-elementor-id=\"47\" class=\"elementor elementor-47\">\n\t\t\t\t\t\t<section class=\"elementor-section elementor-top-section elementor-element elementor-element-0af884d elementor-section-boxed elementor-section-height-default elementor-section-height-default\" data-id=\"0af884d\" data-element_type=\"section\" data-e-type=\"section\">\n\t\t\t\t\t\t<div class=\"elementor-container elementor-column-gap-default\">\n\t\t\t\t\t<div class=\"elementor-column elementor-col-66 elementor-top-column elementor-element elementor-element-08ec3e2\" data-id=\"08ec3e2\" data-element_type=\"column\" data-e-type=\"column\">\n\t\t\t<div class=\"elementor-widget-wrap elementor-element-populated\">\n\t\t\t\t\t\t<div class=\"elementor-element elementor-element-2a171e9 eael-contact-form-7-button-align-left eael-contact-form-7-button-custom elementor-widget elementor-widget-eael-contact-form-7\" data-id=\"2a171e9\" data-element_type=\"widget\" data-e-type=\"widget\" data-widget_type=\"eael-contact-form-7.default\">\n\t\t\t\t<div class=\"elementor-widget-container\">\n\t\t\t\t\t<div class=\"eael-contact-form-7-wrapper\">\n                <div class=\"eael-contact-form eael-contact-form-7 eael-contact-form-2a171e9 placeholder-show eael-contact-form-align-default\">\n<div class=\"wpcf7 no-js\" id=\"wpcf7-f4-o1\" lang=\"de-DE\" dir=\"ltr\" data-wpcf7-id=\"4\">\n<div class=\"screen-reader-response\"><p role=\"status\" aria-live=\"polite\" aria-atomic=\"true\"><\/p> <ul><\/ul><\/div>\n<form action=\"\/ro\/wp-json\/wp\/v2\/pages\/47#wpcf7-f4-o1\" method=\"post\" class=\"wpcf7-form init\" aria-label=\"Kontaktformular\" novalidate=\"novalidate\" data-status=\"init\">\n<fieldset class=\"hidden-fields-container\"><input type=\"hidden\" name=\"_wpcf7\" value=\"4\" \/><input type=\"hidden\" name=\"_wpcf7_version\" value=\"6.1.5\" \/><input type=\"hidden\" name=\"_wpcf7_locale\" value=\"de_DE\" \/><input type=\"hidden\" name=\"_wpcf7_unit_tag\" value=\"wpcf7-f4-o1\" \/><input type=\"hidden\" name=\"_wpcf7_container_post\" value=\"0\" \/><input type=\"hidden\" name=\"_wpcf7_posted_data_hash\" value=\"\" \/>\n<\/fieldset>\n<p><label> Numele dumneavoastr\u0103*<br \/>\n<span class=\"wpcf7-form-control-wrap\" data-name=\"your-name\"><input size=\"40\" maxlength=\"400\" class=\"wpcf7-form-control wpcf7-text wpcf7-validates-as-required\" aria-required=\"true\" aria-invalid=\"false\" value=\"\" type=\"text\" name=\"your-name\" \/><\/span> <\/label>\n<\/p>\n<p><label> adresa ta de email*<br \/>\n<span class=\"wpcf7-form-control-wrap\" data-name=\"your-email\"><input size=\"40\" maxlength=\"400\" class=\"wpcf7-form-control wpcf7-email wpcf7-validates-as-required wpcf7-text wpcf7-validates-as-email\" aria-required=\"true\" aria-invalid=\"false\" value=\"\" type=\"email\" name=\"your-email\" \/><\/span> <\/label>\n<\/p>\n<p><label> referin\u0163\u0103<br \/>\n<span class=\"wpcf7-form-control-wrap\" data-name=\"your-subject\"><input size=\"40\" maxlength=\"400\" class=\"wpcf7-form-control wpcf7-text wpcf7-validates-as-required\" aria-required=\"true\" aria-invalid=\"false\" value=\"\" type=\"text\" name=\"your-subject\" \/><\/span> <\/label>\n<\/p>\n<p><label> Mesajul dvs.*<br \/>\n<span class=\"wpcf7-form-control-wrap\" data-name=\"your-message\"><textarea cols=\"40\" rows=\"10\" maxlength=\"2000\" class=\"wpcf7-form-control wpcf7-textarea\" aria-invalid=\"false\" name=\"your-message\"><\/textarea><\/span> <\/label>\n<\/p>\n<p>C\u00e2mpurile marcate cu stelu\u021b\u01ce (*) sunt obligatorii\n<\/p>\n<p><span class=\"wpcf7-form-control-wrap\" data-name=\"checkbox-999\"><span class=\"wpcf7-form-control wpcf7-checkbox wpcf7-validates-as-required\"><span class=\"wpcf7-list-item first last\"><label><input type=\"checkbox\" name=\"checkbox-999[]\" value=\"Sunt de acord c\u0103 datele mele din formularul de contact vor fi colectate \u0219i prelucrate pentru a r\u0103spunde cererii mele. Datele vor fi stocate timp de 10 ani sau \u0219terse la cerere. Not\u0103: V\u0103 pute\u021bi revoca consim\u021b\u0103m\u00e2ntul \u00een orice moment pentru viitor, trimi\u021b\u00e2nd un e-mail la info@ra-knepp.de. Pute\u021bi g\u0103si informa\u021bii detaliate despre manipularea datelor utilizatorilor \u00een politica mea de confiden\u021bialitate.\" \/><span class=\"wpcf7-list-item-label\">Sunt de acord c\u0103 datele mele din formularul de contact vor fi colectate \u0219i prelucrate pentru a r\u0103spunde cererii mele. Datele vor fi stocate timp de 10 ani sau \u0219terse la cerere. Not\u0103: V\u0103 pute\u021bi revoca consim\u021b\u0103m\u00e2ntul \u00een orice moment pentru viitor, trimi\u021b\u00e2nd un e-mail la info@ra-knepp.de. Pute\u021bi g\u0103si informa\u021bii detaliate despre manipularea datelor utilizatorilor \u00een politica mea de confiden\u021bialitate.<\/span><\/label><\/span><\/span><\/span>\n<\/p>\n<p><span class=\"wpcf7-form-control-wrap\" data-name=\"checkbox-9991\"><span class=\"wpcf7-form-control wpcf7-checkbox wpcf7-validates-as-required\"><span class=\"wpcf7-list-item first last\"><label><input type=\"checkbox\" name=\"checkbox-9991[]\" value=\"Prin utilizarea acestui formular, sunte\u021bi de acord cu stocarea \u0219i prelucrarea datelor dvs. de c\u0103tre acest site web.\" \/><span class=\"wpcf7-list-item-label\">Prin utilizarea acestui formular, sunte\u021bi de acord cu stocarea \u0219i prelucrarea datelor dvs. de c\u0103tre acest site web.<\/span><\/label><\/span><\/span><\/span>\n<\/p>\n<p><input class=\"wpcf7-form-control wpcf7-submit has-spinner\" type=\"submit\" value=\"Trimite\" \/>\n<\/p><div class=\"wpcf7-response-output\" aria-hidden=\"true\"><\/div>\n<\/form>\n<\/div>\n<\/div>\n            <\/div>\t\t\t\t<\/div>\n\t\t\t\t<\/div>\n\t\t\t\t\t<\/div>\n\t\t<\/div>\n\t\t\t\t<div class=\"elementor-column elementor-col-33 elementor-top-column elementor-element elementor-element-6fe8f6d\" data-id=\"6fe8f6d\" data-element_type=\"column\" data-e-type=\"column\">\n\t\t\t<div class=\"elementor-widget-wrap elementor-element-populated\">\n\t\t\t\t\t\t<div class=\"elementor-element elementor-element-0d75ec9 elementor-widget elementor-widget-text-editor\" data-id=\"0d75ec9\" data-element_type=\"widget\" data-e-type=\"widget\" data-widget_type=\"text-editor.default\">\n\t\t\t\t<div class=\"elementor-widget-container\">\n\t\t\t\t\t\t\t\t\t<table style=\"height: 448px; width: 100%; border-style: none;\" border=\"0\" width=\"100%\" cellspacing=\"0\" cellpadding=\"0\"><tbody><tr style=\"border-style: hidden;\"><td style=\"height: 24px;\" nowrap=\"nowrap\"><h3><span class=\"fliesstext\" style=\"font-size: 14pt;\">Avocat Claudiu M. Knepp<\/span><\/h3><\/td><\/tr><tr style=\"border-style: hidden;\"><td style=\"height: 106px;\"><table border=\"0\" width=\"100%\" cellspacing=\"0\" cellpadding=\"0\"><tbody><tr style=\"border-style: hidden;\"><td colspan=\"2\" nowrap=\"nowrap\"><p><span class=\"fliesstext\" style=\"font-size: 14pt;\">D\u00fcrener Stra\u00dfe 270<\/span><\/p><p><span class=\"fliesstext\" style=\"font-size: 14pt;\">50935 K\u00f6ln<\/span><\/p><\/td><\/tr><tr><td><span class=\"fliesstext\" style=\"font-size: 14pt;\">Telefon<\/span><\/td><td nowrap=\"nowrap\"><span class=\"fliesstext\" style=\"font-size: 14pt;\">+49(0) 221 \/ 78 94 57 76<\/span><\/td><\/tr><tr style=\"border-style: hidden;\"><td><span class=\"fliesstext\" style=\"font-size: 14pt;\">Telefax<\/span><\/td><td nowrap=\"nowrap\"><span class=\"fliesstext\" style=\"font-size: 14pt;\">+49(0) 221 \/ 78 94 04 30<\/span><\/td><\/tr><tr style=\"border-style: hidden;\"><td><span class=\"fliesstext\" style=\"font-size: 14pt;\">E-Mail<\/span><\/td><td><span class=\"fliesstext\" style=\"font-size: 14pt;\"><a href=\"mailto:info@ra-knepp.de\">info@ra-knepp.de<\/a><\/span><\/td><\/tr><\/tbody><\/table><\/td><\/tr><tr style=\"border-style: hidden;\"><td style=\"height: 24px;\"><span class=\"fliesstext\" style=\"font-size: 14pt;\">Birou lunea p\u00e2n\u0103 vineria<\/span><\/td><\/tr><tr style=\"border-style: hidden;\"><td style=\"height: 24px;\" nowrap=\"nowrap\"><span class=\"fliesstext\" style=\"font-size: 14pt;\">9.00-12.00 \u0219i 13.00-18.00<\/span><\/td><\/tr><tr style=\"border-style: hidden;\"><td class=\"fliesstext\" style=\"height: 48px;\"><span style=\"font-size: 14pt;\">Termene \u020bn timpul orelor de program \u0219i dup\u01ce o stabilire cu dumneavoastr\u01ce.<\/span><\/td><\/tr><\/tbody><\/table>\t\t\t\t\t\t\t\t<\/div>\n\t\t\t\t<\/div>\n\t\t\t\t\t<\/div>\n\t\t<\/div>\n\t\t\t\t\t<\/div>\n\t\t<\/section>\n\t\t\t\t<\/div>\n\t\t","protected":false},"excerpt":{"rendered":"<p>Numele dumneavoastr\u0103 adresa ta de email Mesajul dvs. (op\u021bional) Ihre Nachricht (optional) Sunt de acord c\u0103 datele mele din formularul de contact vor fi colectate \u0219i prelucrate pentru a r\u0103spunde [&hellip;]<\/p>\n","protected":false},"author":1,"featured_media":0,"parent":0,"menu_order":0,"comment_status":"closed","ping_status":"closed","template":"","meta":{"footnotes":""},"class_list":["post-47","page","type-page","status-publish","hentry","entry"],"_links":{"self":[{"href":"https:\/\/ra-knepp.de\/ro\/wp-json\/wp\/v2\/pages\/47","targetHints":{"allow":["GET"]}}],"collection":[{"href":"https:\/\/ra-knepp.de\/ro\/wp-json\/wp\/v2\/pages"}],"about":[{"href":"https:\/\/ra-knepp.de\/ro\/wp-json\/wp\/v2\/types\/page"}],"author":[{"embeddable":true,"href":"https:\/\/ra-knepp.de\/ro\/wp-json\/wp\/v2\/users\/1"}],"replies":[{"embeddable":true,"href":"https:\/\/ra-knepp.de\/ro\/wp-json\/wp\/v2\/comments?post=47"}],"version-history":[{"count":4,"href":"https:\/\/ra-knepp.de\/ro\/wp-json\/wp\/v2\/pages\/47\/revisions"}],"predecessor-version":[{"id":51,"href":"https:\/\/ra-knepp.de\/ro\/wp-json\/wp\/v2\/pages\/47\/revisions\/51"}],"wp:attachment":[{"href":"https:\/\/ra-knepp.de\/ro\/wp-json\/wp\/v2\/media?parent=47"}],"curies":[{"name":"wp","href":"https:\/\/api.w.org\/{rel}","templated":true}]}}